{"id":63,"date":"2019-09-17T13:52:17","date_gmt":"2019-09-17T06:52:17","guid":{"rendered":"http:\/\/sukien6.w2steam.com\/?page_id=63"},"modified":"2020-05-09T22:18:06","modified_gmt":"2020-05-09T15:18:06","slug":"lien-he","status":"publish","type":"page","link":"https:\/\/websukien3.vidoweb.vn\/?page_id=63","title":{"rendered":"Li\u00ean h\u1ec7"},"content":{"rendered":"\t<div class=\"box has-hover  hide-for-small has-hover box-overlay dark box-text-middle\" >\n\n\t\t<div class=\"box-image\" >\n\t\t\t\t\t\t<div class=\"\" >\n\t\t\t\t<img loading=\"lazy\" decoding=\"async\" width=\"1366\" height=\"374\" src=\"https:\/\/websukien3.vidoweb.vn\/wp-content\/uploads\/2019\/09\/banner-dt.jpg\" class=\"attachment-original size-original\" alt=\"\" srcset=\"https:\/\/websukien3.vidoweb.vn\/wp-content\/uploads\/2019\/09\/banner-dt.jpg 1366w, https:\/\/websukien3.vidoweb.vn\/wp-content\/uploads\/2019\/09\/banner-dt-300x82.jpg 300w, https:\/\/websukien3.vidoweb.vn\/wp-content\/uploads\/2019\/09\/banner-dt-768x210.jpg 768w, https:\/\/websukien3.vidoweb.vn\/wp-content\/uploads\/2019\/09\/banner-dt-1024x280.jpg 1024w\" sizes=\"auto, (max-width: 1366px) 100vw, 1366px\" \/>\t\t\t\t<div class=\"overlay\" style=\"background-color:1\"><\/div>\t\t\t\t\t\t\t<\/div>\n\t\t\t\t\t<\/div>\n\n\t\t<div class=\"box-text text-center\" >\n\t\t\t<div class=\"box-text-inner\">\n\t\t\t\t\n<div class=\"row\"  id=\"row-949699288\">\n\n\t<div id=\"col-1262550964\" class=\"col small-12 large-12\"  >\n\t\t\t\t<div class=\"col-inner\"  >\n\t\t\t\n\t\t\t\n<div class=\"container section-title-container\" ><h2 class=\"section-title section-title-center\"><b><\/b><span class=\"section-title-main\" style=\"color:rgb(255, 255, 255);\">Li\u00ean h\u1ec7<\/span><b><\/b><\/h2><\/div>\n\t\t<\/div>\n\t\t\t\t\t<\/div>\n\n\t\n<\/div>\n\t\t\t<\/div>\n\t\t<\/div>\n\t<\/div>\n\t\n\t<div class=\"box has-hover  show-for-small has-hover box-overlay dark box-text-middle\" >\n\n\t\t<div class=\"box-image\" >\n\t\t\t\t\t\t<div class=\"image-cover\" style=\"padding-top:145%;\">\n\t\t\t\t<img loading=\"lazy\" decoding=\"async\" width=\"1366\" height=\"374\" src=\"https:\/\/websukien3.vidoweb.vn\/wp-content\/uploads\/2019\/09\/banner-dt.jpg\" class=\"attachment-original size-original\" alt=\"\" srcset=\"https:\/\/websukien3.vidoweb.vn\/wp-content\/uploads\/2019\/09\/banner-dt.jpg 1366w, https:\/\/websukien3.vidoweb.vn\/wp-content\/uploads\/2019\/09\/banner-dt-300x82.jpg 300w, https:\/\/websukien3.vidoweb.vn\/wp-content\/uploads\/2019\/09\/banner-dt-768x210.jpg 768w, https:\/\/websukien3.vidoweb.vn\/wp-content\/uploads\/2019\/09\/banner-dt-1024x280.jpg 1024w\" sizes=\"auto, (max-width: 1366px) 100vw, 1366px\" \/>\t\t\t\t<div class=\"overlay\" style=\"background-color:1\"><\/div>\t\t\t\t\t\t\t<\/div>\n\t\t\t\t\t<\/div>\n\n\t\t<div class=\"box-text text-center\" >\n\t\t\t<div class=\"box-text-inner\">\n\t\t\t\t\n<div class=\"row\"  id=\"row-1835154499\">\n\n\t<div id=\"col-875629132\" class=\"col small-12 large-12\"  >\n\t\t\t\t<div class=\"col-inner\"  >\n\t\t\t\n\t\t\t\n<div class=\"container section-title-container\" ><h2 class=\"section-title section-title-center\"><b><\/b><span class=\"section-title-main\" style=\"color:rgb(255, 255, 255);\">Li\u00ean h\u1ec7<\/span><b><\/b><\/h2><\/div>\n\t\t<\/div>\n\t\t\t\t\t<\/div>\n\n\t\n<\/div>\n\t\t\t<\/div>\n\t\t<\/div>\n\t<\/div>\n\t\n\t<section class=\"section lien-he-section dark\" id=\"section_2002729304\">\n\t\t<div class=\"bg section-bg fill bg-fill  bg-loaded\" >\n\n\t\t\t\n\t\t\t\n\t\t\t\n\n\t\t<\/div>\n\n\t\t\n\n\t\t<div class=\"section-content relative\">\n\t\t\t\n<div class=\"row\"  id=\"row-46467175\">\n\n\t<div id=\"col-672247760\" class=\"col cot1 medium-6 small-12 large-6\"  >\n\t\t\t\t<div class=\"col-inner\"  >\n\t\t\t\n\t\t\t\n\n<div class=\"wpcf7 no-js\" id=\"wpcf7-f804-o1\" lang=\"vi\" dir=\"ltr\" data-wpcf7-id=\"804\">\n<div class=\"screen-reader-response\"><p role=\"status\" aria-live=\"polite\" aria-atomic=\"true\"><\/p> <ul><\/ul><\/div>\n<form action=\"\/index.php?rest_route=%2Fwp%2Fv2%2Fpages%2F63#wpcf7-f804-o1\" method=\"post\" class=\"wpcf7-form init\" aria-label=\"Form li\u00ean h\u1ec7\" novalidate=\"novalidate\" data-status=\"init\">\n<fieldset class=\"hidden-fields-container\"><input type=\"hidden\" name=\"_wpcf7\" value=\"804\" \/><input type=\"hidden\" name=\"_wpcf7_version\" value=\"6.1.5\" \/><input type=\"hidden\" name=\"_wpcf7_locale\" value=\"vi\" \/><input type=\"hidden\" name=\"_wpcf7_unit_tag\" value=\"wpcf7-f804-o1\" \/><input type=\"hidden\" name=\"_wpcf7_container_post\" value=\"0\" \/><input type=\"hidden\" name=\"_wpcf7_posted_data_hash\" value=\"\" \/>\n<\/fieldset>\n<div class=\"form-lien-he-2\">\n\t<h3>G\u1eedi th\u00f4ng tin li\u00ean h\u1ec7\n\t<\/h3>\n\t<p><span class=\"wpcf7-form-control-wrap\" data-name=\"text-947\"><input size=\"40\" maxlength=\"400\" class=\"wpcf7-form-control wpcf7-text wpcf7-validates-as-required\" aria-required=\"true\" aria-invalid=\"false\" placeholder=\"H\u1ecd v\u00e0 t\u00ean...\" value=\"\" type=\"text\" name=\"text-947\" \/><\/span><br \/>\n<span class=\"wpcf7-form-control-wrap\" data-name=\"email-281\"><input size=\"40\" maxlength=\"400\" class=\"wpcf7-form-control wpcf7-email wpcf7-text wpcf7-validates-as-email\" aria-invalid=\"false\" placeholder=\"\u0110\u1ecba ch\u1ec9 email...\" value=\"\" type=\"email\" name=\"email-281\" \/><\/span><br \/>\n<span class=\"wpcf7-form-control-wrap\" data-name=\"tel-206\"><input size=\"40\" maxlength=\"400\" class=\"wpcf7-form-control wpcf7-tel wpcf7-text wpcf7-validates-as-tel\" aria-invalid=\"false\" placeholder=\"S\u1ed1 \u0111i\u1ec7n tho\u1ea1i...\" value=\"\" type=\"tel\" name=\"tel-206\" \/><\/span><br \/>\n<span class=\"wpcf7-form-control-wrap\" data-name=\"textarea-481\"><textarea cols=\"40\" rows=\"10\" maxlength=\"2000\" class=\"wpcf7-form-control wpcf7-textarea\" aria-invalid=\"false\" placeholder=\"N\u1ed9i dung...\" name=\"textarea-481\"><\/textarea><\/span><br \/>\n<input class=\"wpcf7-form-control wpcf7-submit has-spinner\" type=\"submit\" value=\"G\u1eedi li\u00ean h\u1ec7\" \/>\n\t<\/p>\n<\/div><div class=\"wpcf7-response-output\" aria-hidden=\"true\"><\/div>\n<\/form>\n<\/div>\n\n\t\t<\/div>\n\t\t\t\t\t<\/div>\n\n\t\n\n\t<div id=\"col-1757442798\" class=\"col medium-6 small-12 large-6\"  >\n\t\t\t\t<div class=\"col-inner\"  >\n\t\t\t\n\t\t\t\n<h3>TH\u00d4NG TIN LI\u00caN H\u1ec6<\/h3>\n<p><span style=\"font-size: 95%;\">AAA 2019 r\u1ea5t hoan ngh\u00eanh v\u00e0 t\u00ecm ki\u1ebfm s\u1ef1 h\u1ee3p t\u00e1c t\u1eeb c\u1ed9ng \u0111\u1ed3ng ng\u01b0\u1eddi h\u00e2m m\u1ed9 trong vi\u1ec7c qu\u1ea3ng b\u00e1 cho ch\u01b0\u01a1ng tr\u00ecnh. V\u00ec v\u1ea5n \u0111\u1ec1 b\u1ea3n quy\u1ec1n v\u00e0 \u0111\u1ec3 \u0111\u1ea3m b\u1ea3o quy\u1ec1n l\u1ee3i cho m\u1ecdi ng\u01b0\u1eddi, m\u1ecdi \u0111\u00f3ng g\u00f3p v\u1ec1 \u00fd t\u01b0\u1edfng v\u00e0 li\u00ean h\u1ec7 c\u00f4\u0323ng t\u00e1c vui l\u00f2ng li\u00ean l\u1ea1c v\u1edbi email ch\u01b0\u01a1ng tr\u00ecnh \u0111\u1ec3 th\u1ea3o lu\u1eadn.<\/span><\/p>\n<ul>\n<li><span style=\"font-size: 95%;\">\u0110\u1ecba ch\u1ec9: C\u00d4NG TY TNHH \u0110\u00d4NG NAM MEDIA<\/span><br \/>\n28, L\u00fd Th\u1ecb X\u00e2m, T\u00e2n Th\u1ea1nh \u0110\u00f4ng, C\u1ee7 Chi , HCM<\/li>\n<li><span style=\"font-size: 95%;\">\u0110i\u1ec7n tho\u1ea1i: 0999.999.999 \u2013 0999.999.999<\/span><\/li>\n<li><span style=\"font-size: 95%;\">Email: email@gmail.com<\/span><\/li>\n<\/ul>\n\t\t<\/div>\n\t\t\t\t\t<\/div>\n\n\t\n<\/div>\n\t\t<\/div>\n\n\t\t\n<style>\n#section_2002729304 {\n  padding-top: 41px;\n  padding-bottom: 41px;\n  background-color: rgb(124, 17, 206);\n}\n#section_2002729304 .ux-shape-divider--top svg {\n  height: 150px;\n  --divider-top-width: 100%;\n}\n#section_2002729304 .ux-shape-divider--bottom svg {\n  height: 150px;\n  --divider-width: 100%;\n}\n<\/style>\n\t<\/section>\n\t\n","protected":false},"excerpt":{"rendered":"","protected":false},"author":1,"featured_media":0,"parent":0,"menu_order":0,"comment_status":"closed","ping_status":"closed","template":"page-transparent-header.php","meta":{"footnotes":""},"class_list":["post-63","page","type-page","status-publish","hentry"],"yoast_head":"<!-- This site is optimized with the Yoast SEO plugin v25.7 - https:\/\/yoast.com\/wordpress\/plugins\/seo\/ -->\n<title>Li\u00ean h\u1ec7 - S\u1ef1 ki\u1ec7n 3<\/title>\n<meta name=\"robots\" content=\"noindex, follow, max-snippet:-1, max-image-preview:large, max-video-preview:-1\" \/>\n<meta property=\"og:locale\" content=\"vi_VN\" \/>\n<meta property=\"og:type\" content=\"article\" \/>\n<meta property=\"og:title\" content=\"Li\u00ean h\u1ec7 - S\u1ef1 ki\u1ec7n 3\" \/>\n<meta property=\"og:url\" content=\"https:\/\/websukien3.vidoweb.vn\/?page_id=63\" \/>\n<meta property=\"og:site_name\" content=\"S\u1ef1 ki\u1ec7n 3\" \/>\n<meta property=\"article:modified_time\" content=\"2020-05-09T15:18:06+00:00\" \/>\n<meta name=\"twitter:card\" content=\"summary_large_image\" \/>\n<meta name=\"twitter:label1\" content=\"\u01af\u1edbc t\u00ednh th\u1eddi gian \u0111\u1ecdc\" \/>\n\t<meta name=\"twitter:data1\" content=\"1 ph\u00fat\" \/>\n<script type=\"application\/ld+json\" class=\"yoast-schema-graph\">{\"@context\":\"https:\/\/schema.org\",\"@graph\":[{\"@type\":\"WebPage\",\"@id\":\"https:\/\/websukien3.vidoweb.vn\/?page_id=63\",\"url\":\"https:\/\/websukien3.vidoweb.vn\/?page_id=63\",\"name\":\"Li\u00ean h\u1ec7 - S\u1ef1 ki\u1ec7n 3\",\"isPartOf\":{\"@id\":\"https:\/\/websukien3.vidoweb.vn\/#website\"},\"datePublished\":\"2019-09-17T06:52:17+00:00\",\"dateModified\":\"2020-05-09T15:18:06+00:00\",\"breadcrumb\":{\"@id\":\"https:\/\/websukien3.vidoweb.vn\/?page_id=63#breadcrumb\"},\"inLanguage\":\"vi\",\"potentialAction\":[{\"@type\":\"ReadAction\",\"target\":[\"https:\/\/websukien3.vidoweb.vn\/?page_id=63\"]}]},{\"@type\":\"BreadcrumbList\",\"@id\":\"https:\/\/websukien3.vidoweb.vn\/?page_id=63#breadcrumb\",\"itemListElement\":[{\"@type\":\"ListItem\",\"position\":1,\"name\":\"Trang ch\u1ee7\",\"item\":\"https:\/\/websukien3.vidoweb.vn\/\"},{\"@type\":\"ListItem\",\"position\":2,\"name\":\"Li\u00ean h\u1ec7\"}]},{\"@type\":\"WebSite\",\"@id\":\"https:\/\/websukien3.vidoweb.vn\/#website\",\"url\":\"https:\/\/websukien3.vidoweb.vn\/\",\"name\":\"S\u1ef1 ki\u1ec7n 3\",\"description\":\"\",\"potentialAction\":[{\"@type\":\"SearchAction\",\"target\":{\"@type\":\"EntryPoint\",\"urlTemplate\":\"https:\/\/websukien3.vidoweb.vn\/?s={search_term_string}\"},\"query-input\":{\"@type\":\"PropertyValueSpecification\",\"valueRequired\":true,\"valueName\":\"search_term_string\"}}],\"inLanguage\":\"vi\"}]}<\/script>\n<!-- \/ Yoast SEO plugin. -->","yoast_head_json":{"title":"Li\u00ean h\u1ec7 - S\u1ef1 ki\u1ec7n 3","robots":{"index":"noindex","follow":"follow","max-snippet":"max-snippet:-1","max-image-preview":"max-image-preview:large","max-video-preview":"max-video-preview:-1"},"og_locale":"vi_VN","og_type":"article","og_title":"Li\u00ean h\u1ec7 - S\u1ef1 ki\u1ec7n 3","og_url":"https:\/\/websukien3.vidoweb.vn\/?page_id=63","og_site_name":"S\u1ef1 ki\u1ec7n 3","article_modified_time":"2020-05-09T15:18:06+00:00","twitter_card":"summary_large_image","twitter_misc":{"\u01af\u1edbc t\u00ednh th\u1eddi gian \u0111\u1ecdc":"1 ph\u00fat"},"schema":{"@context":"https:\/\/schema.org","@graph":[{"@type":"WebPage","@id":"https:\/\/websukien3.vidoweb.vn\/?page_id=63","url":"https:\/\/websukien3.vidoweb.vn\/?page_id=63","name":"Li\u00ean h\u1ec7 - S\u1ef1 ki\u1ec7n 3","isPartOf":{"@id":"https:\/\/websukien3.vidoweb.vn\/#website"},"datePublished":"2019-09-17T06:52:17+00:00","dateModified":"2020-05-09T15:18:06+00:00","breadcrumb":{"@id":"https:\/\/websukien3.vidoweb.vn\/?page_id=63#breadcrumb"},"inLanguage":"vi","potentialAction":[{"@type":"ReadAction","target":["https:\/\/websukien3.vidoweb.vn\/?page_id=63"]}]},{"@type":"BreadcrumbList","@id":"https:\/\/websukien3.vidoweb.vn\/?page_id=63#breadcrumb","itemListElement":[{"@type":"ListItem","position":1,"name":"Trang ch\u1ee7","item":"https:\/\/websukien3.vidoweb.vn\/"},{"@type":"ListItem","position":2,"name":"Li\u00ean h\u1ec7"}]},{"@type":"WebSite","@id":"https:\/\/websukien3.vidoweb.vn\/#website","url":"https:\/\/websukien3.vidoweb.vn\/","name":"S\u1ef1 ki\u1ec7n 3","description":"","potentialAction":[{"@type":"SearchAction","target":{"@type":"EntryPoint","urlTemplate":"https:\/\/websukien3.vidoweb.vn\/?s={search_term_string}"},"query-input":{"@type":"PropertyValueSpecification","valueRequired":true,"valueName":"search_term_string"}}],"inLanguage":"vi"}]}},"_links":{"self":[{"href":"https:\/\/websukien3.vidoweb.vn\/index.php?rest_route=\/wp\/v2\/pages\/63","targetHints":{"allow":["GET"]}}],"collection":[{"href":"https:\/\/websukien3.vidoweb.vn\/index.php?rest_route=\/wp\/v2\/pages"}],"about":[{"href":"https:\/\/websukien3.vidoweb.vn\/index.php?rest_route=\/wp\/v2\/types\/page"}],"author":[{"embeddable":true,"href":"https:\/\/websukien3.vidoweb.vn\/index.php?rest_route=\/wp\/v2\/users\/1"}],"replies":[{"embeddable":true,"href":"https:\/\/websukien3.vidoweb.vn\/index.php?rest_route=%2Fwp%2Fv2%2Fcomments&post=63"}],"version-history":[{"count":2,"href":"https:\/\/websukien3.vidoweb.vn\/index.php?rest_route=\/wp\/v2\/pages\/63\/revisions"}],"predecessor-version":[{"id":894,"href":"https:\/\/websukien3.vidoweb.vn\/index.php?rest_route=\/wp\/v2\/pages\/63\/revisions\/894"}],"wp:attachment":[{"href":"https:\/\/websukien3.vidoweb.vn\/index.php?rest_route=%2Fwp%2Fv2%2Fmedia&parent=63"}],"curies":[{"name":"wp","href":"https:\/\/api.w.org\/{rel}","templated":true}]}}